{"id":146,"date":"2023-04-17T13:15:34","date_gmt":"2023-04-17T13:15:34","guid":{"rendered":"http:\/\/suportecomum.pt\/?page_id=146"},"modified":"2023-04-17T13:15:34","modified_gmt":"2023-04-17T13:15:34","slug":"iluminacao-de-emergencia","status":"publish","type":"page","link":"https:\/\/suportecomum.pt\/?page_id=146","title":{"rendered":"Ilumina\u00e7\u00e3o de Emerg\u00eancia"},"content":{"rendered":"","protected":false},"excerpt":{"rendered":"","protected":false},"author":1,"featured_media":0,"parent":0,"menu_order":0,"comment_status":"closed","ping_status":"closed","template":"","meta":{"footnotes":""},"class_list":["post-146","page","type-page","status-publish","hentry"],"_links":{"self":[{"href":"https:\/\/suportecomum.pt\/index.php?rest_route=\/wp\/v2\/pages\/146","targetHints":{"allow":["GET"]}}],"collection":[{"href":"https:\/\/suportecomum.pt\/index.php?rest_route=\/wp\/v2\/pages"}],"about":[{"href":"https:\/\/suportecomum.pt\/index.php?rest_route=\/wp\/v2\/types\/page"}],"author":[{"embeddable":true,"href":"https:\/\/suportecomum.pt\/index.php?rest_route=\/wp\/v2\/users\/1"}],"replies":[{"embeddable":true,"href":"https:\/\/suportecomum.pt\/index.php?rest_route=%2Fwp%2Fv2%2Fcomments&post=146"}],"version-history":[{"count":1,"href":"https:\/\/suportecomum.pt\/index.php?rest_route=\/wp\/v2\/pages\/146\/revisions"}],"predecessor-version":[{"id":148,"href":"https:\/\/suportecomum.pt\/index.php?rest_route=\/wp\/v2\/pages\/146\/revisions\/148"}],"wp:attachment":[{"href":"https:\/\/suportecomum.pt\/index.php?rest_route=%2Fwp%2Fv2%2Fmedia&parent=146"}],"curies":[{"name":"wp","href":"https:\/\/api.w.org\/{rel}","templated":true}]}}